{"id":7685,"date":"2025-05-19T18:40:54","date_gmt":"2025-05-19T18:40:54","guid":{"rendered":"https:\/\/repuestoscohper.aumenta.do\/?page_id=7685"},"modified":"2025-05-19T18:43:59","modified_gmt":"2025-05-19T18:43:59","slug":"terminos-y-condiciones","status":"publish","type":"page","link":"https:\/\/repuestoscohper.aumenta.do\/?page_id=7685","title":{"rendered":"Terminos y condiciones"},"content":{"rendered":"\t\t<div data-elementor-type=\"wp-page\" data-elementor-id=\"7685\" class=\"elementor elementor-7685\" data-elementor-post-type=\"page\">\n\t\t\t\t<div class=\"elementor-element elementor-element-ab2e704 e-flex e-con-boxed e-con e-parent\" data-id=\"ab2e704\" data-element_type=\"container\" data-e-type=\"container\">\n\t\t\t\t\t<div class=\"e-con-inner\">\n\t\t\t\t<div class=\"elementor-element elementor-element-f5fc750 elementor-widget elementor-widget-heading\" data-id=\"f5fc750\" data-element_type=\"widget\" data-e-type=\"widget\" data-widget_type=\"heading.default\">\n\t\t\t\t<div class=\"elementor-widget-container\">\n\t\t\t\t\t<h2 class=\"elementor-heading-title elementor-size-default\">TERMINOS Y CONDICIONES<\/h2>\t\t\t\t<\/div>\n\t\t\t\t<\/div>\n\t\t\n\t\t<div class=\"elementor-element elementor-element-f37a04c elementor-widget elementor-widget-text-editor\" data-id=\"f37a04c\" data-element_type=\"widget\" data-e-type=\"widget\" data-widget_type=\"text-editor.default\">\n\t\t\t\t<div class=\"elementor-widget-container\">\n\t\t\t\t\t\t\t\t\t<p>Al utilizar este sitio web y realizar una compra en Repuestos Copher, aceptas nuestros t\u00e9rminos y condiciones, que incluyen el uso adecuado del sitio, la veracidad de la informaci\u00f3n proporcionada, y el cumplimiento de las leyes aplicables. Nos reservamos el derecho de modificar precios, productos o servicios sin previo aviso, as\u00ed como rechazar pedidos por errores de stock, precios incorrectos o sospechas de fraude. Los env\u00edos se realizan a trav\u00e9s de terceros y los tiempos de entrega son estimados, por lo que no nos hacemos responsables por retrasos externos. Todos los productos est\u00e1n sujetos a nuestras pol\u00edticas de garant\u00eda y devoluciones, disponibles en este sitio. El contenido de este sitio, incluyendo textos, im\u00e1genes y dise\u00f1os, est\u00e1 protegido por derechos de propiedad intelectual y no puede ser utilizado sin autorizaci\u00f3n. Para m\u00e1s informaci\u00f3n o consultas, cont\u00e1ctanos en support@copher.com.<\/p><p>Al utilizar este sitio web y realizar una compra en Repuestos Copher, aceptas nuestros t\u00e9rminos y condiciones, que incluyen el uso adecuado del sitio, la veracidad de la informaci\u00f3n proporcionada, y el cumplimiento de las leyes aplicables. Nos reservamos el derecho de modificar precios, productos o servicios sin previo aviso, as\u00ed como rechazar pedidos por errores de stock, precios incorrectos o sospechas de fraude. Los env\u00edos se realizan a trav\u00e9s de terceros y los tiempos de entrega son estimados, por lo que no nos hacemos responsables por retrasos externos. Todos los productos est\u00e1n sujetos a nuestras pol\u00edticas de garant\u00eda y devoluciones, disponibles en este sitio. El contenido de este sitio, incluyendo textos, im\u00e1genes y dise\u00f1os, est\u00e1 protegido por derechos de propiedad intelectual y no puede ser utilizado sin autorizaci\u00f3n. Para m\u00e1s informaci\u00f3n o consultas, cont\u00e1ctanos en support@copher.com.<\/p><p>Al utilizar este sitio web y realizar una compra en Repuestos Copher, aceptas nuestros t\u00e9rminos y condiciones, que incluyen el uso adecuado del sitio, la veracidad de la informaci\u00f3n proporcionada, y el cumplimiento de las leyes aplicables. Nos reservamos el derecho de modificar precios, productos o servicios sin previo aviso, as\u00ed como rechazar pedidos por errores de stock, precios incorrectos o sospechas de fraude. Los env\u00edos se realizan a trav\u00e9s de terceros y los tiempos de entrega son estimados, por lo que no nos hacemos responsables por retrasos externos. Todos los productos est\u00e1n sujetos a nuestras pol\u00edticas de garant\u00eda y devoluciones, disponibles en este sitio. El contenido de este sitio, incluyendo textos, im\u00e1genes y dise\u00f1os, est\u00e1 protegido por derechos de propiedad intelectual y no puede ser utilizado sin autorizaci\u00f3n. Para m\u00e1s informaci\u00f3n o consultas, cont\u00e1ctanos en support@copher.com.<\/p>\t\t\t\t\t\t\t\t<\/div>\n\t\t\t\t<\/div>\n\t\t\t\t\t<\/div>\n\t\t\t\t<\/div>\n\t\t\t\t<\/div>\n\t\t","protected":false},"excerpt":{"rendered":"<p>TERMINOS Y CONDICIONES Al utilizar este sitio web y realizar una compra en Repuestos Copher, aceptas nuestros t\u00e9rminos y condiciones, que incluyen el uso adecuado del sitio, la veracidad de la informaci\u00f3n proporcionada, y el cumplimiento de las leyes aplicables. Nos reservamos el derecho de modificar precios, productos o servicios sin previo aviso, as\u00ed como [&hellip;]<\/p>\n","protected":false},"author":1,"featured_media":0,"parent":0,"menu_order":0,"comment_status":"closed","ping_status":"closed","template":"","meta":{"_acf_changed":false,"inline_featured_image":false,"footnotes":""},"class_list":["post-7685","page","type-page","status-publish","hentry"],"acf":[],"_links":{"self":[{"href":"https:\/\/repuestoscohper.aumenta.do\/index.php?rest_route=\/wp\/v2\/pages\/7685","targetHints":{"allow":["GET"]}}],"collection":[{"href":"https:\/\/repuestoscohper.aumenta.do\/index.php?rest_route=\/wp\/v2\/pages"}],"about":[{"href":"https:\/\/repuestoscohper.aumenta.do\/index.php?rest_route=\/wp\/v2\/types\/page"}],"author":[{"embeddable":true,"href":"https:\/\/repuestoscohper.aumenta.do\/index.php?rest_route=\/wp\/v2\/users\/1"}],"replies":[{"embeddable":true,"href":"https:\/\/repuestoscohper.aumenta.do\/index.php?rest_route=%2Fwp%2Fv2%2Fcomments&post=7685"}],"version-history":[{"count":10,"href":"https:\/\/repuestoscohper.aumenta.do\/index.php?rest_route=\/wp\/v2\/pages\/7685\/revisions"}],"predecessor-version":[{"id":7695,"href":"https:\/\/repuestoscohper.aumenta.do\/index.php?rest_route=\/wp\/v2\/pages\/7685\/revisions\/7695"}],"wp:attachment":[{"href":"https:\/\/repuestoscohper.aumenta.do\/index.php?rest_route=%2Fwp%2Fv2%2Fmedia&parent=7685"}],"curies":[{"name":"wp","href":"https:\/\/api.w.org\/{rel}","templated":true}]}}