{"id":7662,"date":"2025-05-19T18:24:37","date_gmt":"2025-05-19T18:24:37","guid":{"rendered":"https:\/\/repuestoscohper.aumenta.do\/?page_id=7662"},"modified":"2025-05-19T18:40:30","modified_gmt":"2025-05-19T18:40:30","slug":"politicas-de-garantia","status":"publish","type":"page","link":"https:\/\/repuestoscohper.aumenta.do\/?page_id=7662","title":{"rendered":"Politicas de garantia"},"content":{"rendered":"\t\t<div data-elementor-type=\"wp-page\" data-elementor-id=\"7662\" class=\"elementor elementor-7662\" data-elementor-post-type=\"page\">\n\t\t\t\t<div class=\"elementor-element elementor-element-2471246 e-flex e-con-boxed e-con e-parent\" data-id=\"2471246\" data-element_type=\"container\" data-e-type=\"container\">\n\t\t\t\t\t<div class=\"e-con-inner\">\n\t\t\t\t<div class=\"elementor-element elementor-element-8e83d36 elementor-widget elementor-widget-heading\" data-id=\"8e83d36\" data-element_type=\"widget\" data-e-type=\"widget\" data-widget_type=\"heading.default\">\n\t\t\t\t<div class=\"elementor-widget-container\">\n\t\t\t\t\t<h2 class=\"elementor-heading-title elementor-size-default\">POLITICAS DE GARANTIA<\/h2>\t\t\t\t<\/div>\n\t\t\t\t<\/div>\n\t\t\n\t\t<div class=\"elementor-element elementor-element-20d196c elementor-widget elementor-widget-text-editor\" data-id=\"20d196c\" data-element_type=\"widget\" data-e-type=\"widget\" data-widget_type=\"text-editor.default\">\n\t\t\t\t<div class=\"elementor-widget-container\">\n\t\t\t\t\t\t\t\t\t<p data-start=\"199\" data-end=\"442\">En Repuestos Copher, nos comprometemos con la calidad de nuestros productos y la satisfacci\u00f3n de nuestros clientes. Por ello, todos nuestros productos cuentan con garant\u00eda contra defectos de fabricaci\u00f3n conforme a los siguientes t\u00e9rminos:<\/p>\n\n<h3 style=\"color:#383838;\"data-start=\"444\" data-end=\"478\"><strong data-start=\"451\" data-end=\"478\">Duraci\u00f3n de la Garant\u00eda<\/strong><\/h3>\n<p data-start=\"479\" data-end=\"678\">Todos nuestros productos cuentan con una garant\u00eda de <strong data-start=\"532\" data-end=\"580\">\u00a06 meses<\/strong>\u00a0a partir de la fecha de compra, salvo que se indique lo contrario en la descripci\u00f3n del producto.<\/p>\n\n<h3 data-start=\"680\" data-end=\"712\"><strong data-start=\"687\" data-end=\"712\">Qu\u00e9 cubre la garant\u00eda<\/strong><\/h3>\n<p data-start=\"713\" data-end=\"867\">La garant\u00eda cubre exclusivamente <strong data-start=\"746\" data-end=\"800\">defectos de fabricaci\u00f3n o fallos de funcionamiento<\/strong> que se presenten durante el uso normal del producto. Esto incluye:<\/p>\n\n<ul data-start=\"868\" data-end=\"943\">\n \t<li data-start=\"868\" data-end=\"905\">\n<p data-start=\"870\" data-end=\"905\">Fallas en componentes o materiales.<\/p>\n<\/li>\n \t<li data-start=\"906\" data-end=\"943\">\n<p data-start=\"908\" data-end=\"943\">Errores de ensamblaje o producci\u00f3n.<\/p>\n<\/li>\n<\/ul>\n<h3 data-start=\"945\" data-end=\"980\"><strong data-start=\"952\" data-end=\"980\">Qu\u00e9 no cubre la garant\u00eda<\/strong><\/h3>\n<p data-start=\"981\" data-end=\"1027\">La garant\u00eda no aplica en los siguientes casos:<\/p>\n\n<ul data-start=\"1028\" data-end=\"1251\">\n \t<li data-start=\"1028\" data-end=\"1078\">\n<p data-start=\"1030\" data-end=\"1078\">Da\u00f1os por mal uso, golpes, ca\u00eddas o negligencia.<\/p>\n<\/li>\n \t<li data-start=\"1079\" data-end=\"1105\">\n<p data-start=\"1081\" data-end=\"1105\">Desgaste normal por uso.<\/p>\n<\/li>\n \t<li data-start=\"1106\" data-end=\"1172\">\n<p data-start=\"1108\" data-end=\"1172\">Da\u00f1os causados por modificaciones o reparaciones no autorizadas.<\/p>\n<\/li>\n \t<li data-start=\"1173\" data-end=\"1251\">\n<p data-start=\"1175\" data-end=\"1251\">Da\u00f1os derivados de condiciones externas (como humedad, calor extremo, etc.).<\/p>\n<\/li>\n<\/ul>\n<h3 data-start=\"1253\" data-end=\"1295\"><strong data-start=\"1260\" data-end=\"1295\">Proceso para solicitar garant\u00eda<\/strong><\/h3>\n<p data-start=\"1296\" data-end=\"1343\">Para hacer v\u00e1lida la garant\u00eda, el cliente debe:<\/p>\n\n<ol data-start=\"1344\" data-end=\"1596\">\n \t<li data-start=\"1344\" data-end=\"1456\">\n<p data-start=\"1347\" data-end=\"1456\">Contactarnos a trav\u00e9s de nuestro correo electr\u00f3nico: <b>Support@Copher.com<\/b> o por WhatsApp 2246-7777.<\/p>\n<\/li>\n \t<li data-start=\"1457\" data-end=\"1536\">\n<p data-start=\"1460\" data-end=\"1536\">Incluir el n\u00famero de pedido, nombre completo y una descripci\u00f3n del problema.<\/p>\n<\/li>\n \t<li data-start=\"1537\" data-end=\"1596\">\n<p data-start=\"1540\" data-end=\"1596\">Adjuntar fotograf\u00edas o videos que evidencien el defecto.<\/p>\n<\/li>\n<\/ol>\n<p data-start=\"1598\" data-end=\"1816\">Una vez recibido el reclamo, evaluaremos el caso y responderemos en un plazo de <strong data-start=\"1678\" data-end=\"1702\">[3 a 5 d\u00edas h\u00e1biles]<\/strong> con la resoluci\u00f3n. De ser aprobado, se proceder\u00e1 con la <strong data-start=\"1759\" data-end=\"1796\">reparaci\u00f3n, reemplazo o reembolso<\/strong>, seg\u00fan corresponda.<\/p>\n\n<h3 data-start=\"1818\" data-end=\"1844\"><strong data-start=\"1825\" data-end=\"1844\">Costo del env\u00edo<\/strong><\/h3>\n<ul data-start=\"1845\" data-end=\"2093\">\n \t<li data-start=\"1845\" data-end=\"1973\">\n<p data-start=\"1847\" data-end=\"1973\">Si el producto presenta un defecto de f\u00e1brica, <strong data-start=\"1894\" data-end=\"1938\">nos haremos cargo de los costos de env\u00edo<\/strong> para la devoluci\u00f3n y el reemplazo.<\/p>\n<\/li>\n \t<li data-start=\"1974\" data-end=\"2093\">\n<p data-start=\"1976\" data-end=\"2093\">Si el reclamo no es procedente, el cliente deber\u00e1 cubrir los gastos de env\u00edo si desea que se le devuelva el producto.<\/p>\n<\/li>\n<\/ul>\t\t\t\t\t\t\t\t<\/div>\n\t\t\t\t<\/div>\n\t\t\t\t\t<\/div>\n\t\t\t\t<\/div>\n\t\t\t\t<\/div>\n\t\t","protected":false},"excerpt":{"rendered":"<p>POLITICAS DE GARANTIA En Repuestos Copher, nos comprometemos con la calidad de nuestros productos y la satisfacci\u00f3n de nuestros clientes. Por ello, todos nuestros productos cuentan con garant\u00eda contra defectos de fabricaci\u00f3n conforme a los siguientes t\u00e9rminos: Duraci\u00f3n de la Garant\u00eda Todos nuestros productos cuentan con una garant\u00eda de \u00a06 meses\u00a0a partir de la fecha [&hellip;]<\/p>\n","protected":false},"author":1,"featured_media":0,"parent":0,"menu_order":0,"comment_status":"closed","ping_status":"closed","template":"","meta":{"_acf_changed":false,"inline_featured_image":false,"footnotes":""},"class_list":["post-7662","page","type-page","status-publish","hentry"],"acf":[],"_links":{"self":[{"href":"https:\/\/repuestoscohper.aumenta.do\/index.php?rest_route=\/wp\/v2\/pages\/7662","targetHints":{"allow":["GET"]}}],"collection":[{"href":"https:\/\/repuestoscohper.aumenta.do\/index.php?rest_route=\/wp\/v2\/pages"}],"about":[{"href":"https:\/\/repuestoscohper.aumenta.do\/index.php?rest_route=\/wp\/v2\/types\/page"}],"author":[{"embeddable":true,"href":"https:\/\/repuestoscohper.aumenta.do\/index.php?rest_route=\/wp\/v2\/users\/1"}],"replies":[{"embeddable":true,"href":"https:\/\/repuestoscohper.aumenta.do\/index.php?rest_route=%2Fwp%2Fv2%2Fcomments&post=7662"}],"version-history":[{"count":17,"href":"https:\/\/repuestoscohper.aumenta.do\/index.php?rest_route=\/wp\/v2\/pages\/7662\/revisions"}],"predecessor-version":[{"id":7683,"href":"https:\/\/repuestoscohper.aumenta.do\/index.php?rest_route=\/wp\/v2\/pages\/7662\/revisions\/7683"}],"wp:attachment":[{"href":"https:\/\/repuestoscohper.aumenta.do\/index.php?rest_route=%2Fwp%2Fv2%2Fmedia&parent=7662"}],"curies":[{"name":"wp","href":"https:\/\/api.w.org\/{rel}","templated":true}]}}